{"id":117,"date":"2018-02-11T16:24:41","date_gmt":"2018-02-11T15:24:41","guid":{"rendered":"http:\/\/xios32.de\/?page_id=117"},"modified":"2019-07-29T21:50:07","modified_gmt":"2019-07-29T19:50:07","slug":"startseite","status":"publish","type":"page","link":"https:\/\/xios32.de\/","title":{"rendered":"Startseite"},"content":{"rendered":"<p><strong>Moin!<\/strong><\/p>\n<p>Erst im Jahre 2009 haben wir das Segeln f\u00fcr uns entdeckt. Und nun verbringen wir einen gro\u00dfen Teil unseres Lebens auf unserer &#8222;XIOS&#8220;, einer Bavaria 32 Cruiser.<\/p>\n<p>Schon bald stand f\u00fcr uns fest, dass wir zum Ende unseres Berufslebens an die Flensburger F\u00f6rde ziehen wollen.<br \/>\nBietet sie doch eines der sch\u00f6nsten Segelreviere der Welt!<img loading=\"lazy\" decoding=\"async\" class=\"alignright wp-image-324\" src=\"http:\/\/xios32.de\/wp-content\/uploads\/2018\/02\/P8210107_K-300x225.jpg\" alt=\"\" width=\"324\" height=\"243\" srcset=\"https:\/\/xios32.de\/wp-content\/uploads\/2018\/02\/P8210107_K-300x225.jpg 300w, https:\/\/xios32.de\/wp-content\/uploads\/2018\/02\/P8210107_K-768x576.jpg 768w, https:\/\/xios32.de\/wp-content\/uploads\/2018\/02\/P8210107_K-1024x768.jpg 1024w\" sizes=\"auto, (max-width: 324px) 100vw, 324px\" \/><\/p>\n<p>Und Flensburg ist ein guter Ausgangspunkt f\u00fcr unsere Ostsee-T\u00f6rns.<\/p>\n<p>Den ersten mehrw\u00f6chigen T\u00f6rn starteten wir in 2013 und seit dem waren wir\u00a0 in jedem Jahr auf der Ostsee unterwegs. Und so nun quasi einmal drumrum gefahren.<\/p>\n<p>Von unseren Segelreisen wollen wir euch auf den folgenden Seiten berichten. Neben dem Segeln &#8211; zu zweit oder mit Freunden &#8211; war es uns auch immer wichtig Land und Leute kennenzulernen.<\/p>\n<p>Wer\u00a0uns begleiten m\u00f6chte, folgt einfach unserem Blog, der jetzt so nach und nach entsteht.<\/p>\n<p><strong>Viel Spa\u00df beim Lesen w\u00fcnschen<\/strong><\/p>\n<p>Inge &amp; Andreas<\/p>\n","protected":false},"excerpt":{"rendered":"<p>Moin! Erst im Jahre 2009 haben wir das Segeln f\u00fcr uns entdeckt. Und nun verbringen wir einen gro\u00dfen Teil unseres Lebens auf unserer &#8222;XIOS&#8220;, einer Bavaria 32 Cruiser. Schon bald stand f\u00fcr uns fest, dass wir zum Ende unseres Berufslebens<\/p>\n","protected":false},"author":1,"featured_media":0,"parent":0,"menu_order":0,"comment_status":"closed","ping_status":"closed","template":"","meta":{"footnotes":""},"class_list":["post-117","page","type-page","status-publish","hentry"],"_links":{"self":[{"href":"https:\/\/xios32.de\/index.php?rest_route=\/wp\/v2\/pages\/117","targetHints":{"allow":["GET"]}}],"collection":[{"href":"https:\/\/xios32.de\/index.php?rest_route=\/wp\/v2\/pages"}],"about":[{"href":"https:\/\/xios32.de\/index.php?rest_route=\/wp\/v2\/types\/page"}],"author":[{"embeddable":true,"href":"https:\/\/xios32.de\/index.php?rest_route=\/wp\/v2\/users\/1"}],"replies":[{"embeddable":true,"href":"https:\/\/xios32.de\/index.php?rest_route=%2Fwp%2Fv2%2Fcomments&post=117"}],"version-history":[{"count":10,"href":"https:\/\/xios32.de\/index.php?rest_route=\/wp\/v2\/pages\/117\/revisions"}],"predecessor-version":[{"id":1545,"href":"https:\/\/xios32.de\/index.php?rest_route=\/wp\/v2\/pages\/117\/revisions\/1545"}],"wp:attachment":[{"href":"https:\/\/xios32.de\/index.php?rest_route=%2Fwp%2Fv2%2Fmedia&parent=117"}],"curies":[{"name":"wp","href":"https:\/\/api.w.org\/{rel}","templated":true}]}}