{"id":1416,"date":"2019-01-27T12:52:18","date_gmt":"2019-01-27T11:52:18","guid":{"rendered":"http:\/\/xios32.de\/?page_id=1416"},"modified":"2019-01-27T13:09:06","modified_gmt":"2019-01-27T12:09:06","slug":"datenschutzerklaerung","status":"publish","type":"page","link":"http:\/\/xios32.de\/?page_id=1416","title":{"rendered":"Datenschutzerkl\u00e4rung"},"content":{"rendered":"\n<p>Wir als Betreiber dieser Seiten nehmen den Schutz Ihrer pers\u00f6nlichen Daten sehr ernst. Wir behandeln Ihre personenbezogenen Daten vertraulich und entsprechend der gesetzlichen Datenschutzvorschriften sowie dieser Datenschutzerkl\u00e4rung.<\/p>\n\n\n\n<p> <br>Da uns der Schutz Ihrer Privatsph\u00e4re sehr wichtig ist, haben wir unser Internetangebot so gestaltet, dass dessen Nutzung grunds\u00e4tzlich anonym<br>m\u00f6glich ist.  Soweit auf unseren Seiten personenbezogene Daten (beispielsweise Name, Anschrift oder E-Mail-Adressen) erhoben werden, erfolgt dies, soweit m\u00f6glich, stets auf freiwilliger Basis. Diese Daten werden ohne Ihre ausdr\u00fcckliche Zustimmung nicht an Dritte weitergegeben.<\/p>\n\n\n\n<p>Wir weisen darauf hin, dass die Daten\u00fcbertragung im Internet (z.B. bei der Kommunikation per E-Mail) Sicherheitsl\u00fccken aufweisen kann. Ein l\u00fcckenloser Schutz der Daten vor dem Zugriff durch Dritte ist nicht m\u00f6glich.<\/p>\n\n\n\n<h3 class=\"wp-block-heading\">Server-Log-Files<\/h3>\n\n\n\n<p>Der Provider der Seiten erhebt und speichert automatisch Informationen in so genannten Server-Log Files, die Ihr Browser automatisch an uns \u00fcbermittelt. Dies sind:<\/p>\n\n\n\n<ul class=\"wp-block-list\"><li>Browsertyp und Browserversion<\/li><li>verwendetes Betriebssystem<\/li><li>Referrer URL<\/li><li>Hostname des zugreifenden Rechners<\/li><li>Uhrzeit der Serveranfrage<\/li><\/ul>\n\n\n\n<p>Diese Daten k\u00f6nnen nicht bestimmten Personen zugeordnet werden. Eine Zusammenf\u00fchrung dieser Daten mit anderen Datenquellen wird nicht vorgenommen. Wir behalten uns vor, diese Daten nachtr\u00e4glich zu pr\u00fcfen, wenn uns konkrete Anhaltspunkte f\u00fcr eine rechtswidrige Nutzung bekannt werden.<\/p>\n","protected":false},"excerpt":{"rendered":"<p>Wir als Betreiber dieser Seiten nehmen den Schutz Ihrer pers\u00f6nlichen Daten sehr ernst. Wir behandeln Ihre personenbezogenen Daten vertraulich und entsprechend der gesetzlichen Datenschutzvorschriften sowie dieser Datenschutzerkl\u00e4rung. Da uns der Schutz Ihrer Privatsph\u00e4re sehr wichtig ist, haben wir unser Internetangebot<\/p>\n","protected":false},"author":1,"featured_media":0,"parent":0,"menu_order":0,"comment_status":"closed","ping_status":"closed","template":"","meta":{"footnotes":""},"class_list":["post-1416","page","type-page","status-publish","hentry"],"_links":{"self":[{"href":"http:\/\/xios32.de\/index.php?rest_route=\/wp\/v2\/pages\/1416","targetHints":{"allow":["GET"]}}],"collection":[{"href":"http:\/\/xios32.de\/index.php?rest_route=\/wp\/v2\/pages"}],"about":[{"href":"http:\/\/xios32.de\/index.php?rest_route=\/wp\/v2\/types\/page"}],"author":[{"embeddable":true,"href":"http:\/\/xios32.de\/index.php?rest_route=\/wp\/v2\/users\/1"}],"replies":[{"embeddable":true,"href":"http:\/\/xios32.de\/index.php?rest_route=%2Fwp%2Fv2%2Fcomments&post=1416"}],"version-history":[{"count":3,"href":"http:\/\/xios32.de\/index.php?rest_route=\/wp\/v2\/pages\/1416\/revisions"}],"predecessor-version":[{"id":1618,"href":"http:\/\/xios32.de\/index.php?rest_route=\/wp\/v2\/pages\/1416\/revisions\/1618"}],"wp:attachment":[{"href":"http:\/\/xios32.de\/index.php?rest_route=%2Fwp%2Fv2%2Fmedia&parent=1416"}],"curies":[{"name":"wp","href":"https:\/\/api.w.org\/{rel}","templated":true}]}}